{"id":5220,"date":"2020-02-17T11:10:28","date_gmt":"2020-02-17T10:10:28","guid":{"rendered":"https:\/\/www.neimcke.de\/?page_id=5220"},"modified":"2021-03-22T11:26:34","modified_gmt":"2021-03-22T10:26:34","slug":"datenschutz-social-media","status":"publish","type":"page","link":"https:\/\/www.neimcke.de\/at\/datenschutz-social-media\/","title":{"rendered":"Datenschutzerkl\u00e4rung Social Media"},"content":{"rendered":"<h5>DATENSCHUTZERKL\u00c4RUNG SOCIAL MEDIA\u00a0(Stand: 22.03.2021)<\/h5>\n<p>Der Schutz Ihrer personenbezogenen Daten ist uns ein wichtiges Anliegen. Im Folgenden m\u00f6chten wir Sie dar\u00fcber informieren, wie Ihre personenbezogenen Daten von uns im Rahmen der Facebook Fanpages verarbeitet werden und welche Rechte Sie als betroffene Person haben.<\/p>\n<p>Allgemeine Informationen zur Verarbeitung Ihrer personenbezogenen Daten erhalten Sie unter\u00a0<a href=\"https:\/\/www.neimcke.at\/datenschutz\">https:\/\/www.neimcke.at\/datenschutz<\/a>. Informationen zur Verarbeitung Ihrer personenbezogenen Daten auf dieser Webseite erhalten Sie unter\u00a0<a href=\"https:\/\/www.neimcke.de\/datenschutz-website\">https:\/\/www.neimcke.at\/datenschutz-website<\/a><\/p>\n<p><strong>Verantwortliche Stelle<br \/>\n<\/strong>Der Europ\u00e4ische Gerichtshof hat mit Urteil vom 5.Juni 2018 entscheiden, dass der Betreiber einer Facebook Fanpage gemeinsam mit Facebook verantwortlich f\u00fcr die Verarbeitung der personenbezogenen Daten ist. Wir haben mit Facebook eine Vereinbarung gem\u00e4\u00df\u00a0Art.\u00a026\u00a0DS\u2011GVO geschlossen (Controller Addendum), die festlegt, f\u00fcr welche Verarbeitungst\u00e4tigkeiten die jeweilige Partei zust\u00e4ndig ist. Diese Vereinbarung k\u00f6nnen Sie\u00a0unter folgendem Link einsehen:\u00a0<a href=\"https:\/\/www.facebook.com\/legal\/terms\/page_controller_addendum\">https:\/\/www.facebook.com\/legal\/terms\/page_controller_addendum<\/a>.<\/p>\n<p>Gemeinsam Verantwortliche f\u00fcr die Verarbeitung personenbezogener Daten auf der Facebook Fanpage i.S.d. DS-GVO sowie sonstiger datenschutzrechtlicher Bestimmungen sind:<\/p>\n<p>Neimcke AT GmbH &amp; Co. KG\u00a0(nachfolgend \u201eWir\/uns\u201c)<br \/>\nPillweinstra\u00dfe 16<br \/>\nA-5020 Salzburg<\/p>\n<p>Und<\/p>\n<p>Facebook Ireland Ltd (nachfolgend \u201cFacebook\u201d)<br \/>\n4 Grand Canal Square<br \/>\nGrand Canal Harbour<br \/>\nDublin 2<br \/>\nIrland<\/p>\n<p>Kontaktdaten des Datenschutzbeauftragten:<\/p>\n<p>Den Datenschutzbeauftragten von Facebook k\u00f6nnen Sie mithilfe des von Facebook bereitgestellten Online-Kontaktformulars unter folgendem Link\u00a0<a href=\"https:\/\/www.facebook.com\/help\/contact\/540977946302970\">https:\/\/www.facebook.com\/help\/contact\/540977946302970<\/a> kontaktieren.<\/p>\n<p><strong>Datenverarbeitung durch Facebook<\/strong><br \/>\nBei Nutzung und Aufruf unserer Facebook Fanpage werden Ihre personenbezogenen Daten nicht ausschlie\u00dflich von uns, sondern auch von Facebook f\u00fcr Analyse- und Werbezwecke verarbeitet. Facebook setzt dabei auch sog. \u201eCookies\u201c ein, die Ihr Nutzungsverhalten speichern, wenn Sie auf eine Facebook Seite zugreifen. Bei Cookies handelt es sich um kleine Textdateien, die Computer, Smartphones oder sonstige Endger\u00e4te des Nutzers mit einer bestimmten Kennung markieren. Dadurch kann Facebook in Rahmen seiner eigenen Plattform sowie auf Drittseiten zielgerichtete Werbung einspielen, Nutzerprofile erstellen und Marktforschung betreiben. \u00dcber den Einsatz von Cookies entscheidet ausschlie\u00dflich Facebook. Weitere Informationen finden Sie in der Datenschutzerkl\u00e4rung von Facebook:\u00a0<a href=\"https:\/\/www.facebook.com\/about\/privacy\/\">https:\/\/www.facebook.com\/about\/privacy\/<\/a>.<\/p>\n<p>Rechtsgrundlage f\u00fcr das Setzen von Cookies ist Ihre Einwilligung gem\u00e4\u00df\u00a0Art.\u00a06\u00a0Abs.\u00a01\u00a0lit.\u00a0a\u00a0DS\u2011GVO, die Sie durch die Nutzung von Facebook erteilen. Dies geschieht unabh\u00e4ngig davon, ob Sie ein Facebook Konto haben oder nicht. Facebook bietet au\u00dferdem die M\u00f6glichkeit, bestimmten Datenverarbeitungen zu widersprechen; diesbez\u00fcgliche Hinweise und Opt-Out-M\u00f6glichkeiten finden sich unter\u00a0<a href=\"https:\/\/www.facebook.com\/settings?tab=ads\">https:\/\/www.facebook.com\/settings?tab=ads<\/a> und hier <a href=\"https:\/\/www.youronlinechoices.com\">https:\/\/www.youronlinechoices.com<\/a>.<\/p>\n<p>Laut Facebook-Datenschutzbestimmungen werden Nutzerdaten auch in den USA oder anderen Drittl\u00e4nder verarbeitet. Facebook \u00fcbertr\u00e4gt Nutzerdaten nur unter Verwendung von Standarddatenschutzklauseln und in L\u00e4nder, f\u00fcr die ein Angemessenheitsbeschluss der Europ\u00e4ischen Kommission nach \u00a0Art.\u00a045\u00a0DS-GVO vorliegt.<\/p>\n<p>Wir haben keinen Einfluss auf die Datenverarbeitung durch Facebook. Welche Informationen Facebook erh\u00e4lt und wie diese verwendet werden, beschreibt Facebook in allgemeiner Form in seinen Datenrichtlinien. Dort finden Sie auch Informationen \u00fcber Kontaktm\u00f6glichkeiten zu Facebook sowie zu den Einstellm\u00f6glichkeiten f\u00fcr Werbeanzeigen. Die Datenrichtlinie ist unter folgendem Link verf\u00fcgbar:\u00a0<a href=\"https:\/\/de-de.facebook.com\/about\/privacy.\">https:\/\/de-de.facebook.com\/about\/privacy.<\/a>\u00a0Die vollst\u00e4ndige Datenrichtlinie von Facebook finden Sie hier:\u00a0<a href=\"https:\/\/de-de.facebook.com\/full_data_use_policy\">https:\/\/de-de.facebook.com\/full_data_use_policy<\/a>. Wir k\u00f6nnen allerdings keine Auskunft geben, in welcher Weise Facebook die Daten aus dem Besuch von Facebook-Seiten f\u00fcr eigene Zwecke verwendet, in welchem Umfang Aktivit\u00e4ten auf der Facebook-Seite einzelnen Nutzern zugeordnet werden und Auswertungen und Verkn\u00fcpfungen vorgenommen werden, wie lange Facebook diese Daten speichert und ob Daten an Dritte weitergegeben werden.<\/p>\n<p><strong>Statistische Daten<br \/>\n<\/strong>\u00dcber die sogenannten \u201eSeiten-Insights\u201c der Facebook-Seite k\u00f6nnen wir statistische Daten unterschiedlicher Kategorien einsehen, die allerdings keine R\u00fcckschl\u00fcsse auf den einzelnen Nutzer zulassen. N\u00e4here Informationen hierzu stellt Facebook unter folgendem Link zur Verf\u00fcgung: https:\/\/www.facebook.com\/legal\/terms\/information_about_page_insights_data.<\/p>\n<p>Die Verarbeitung der personenbezogenen Daten umfasst laut Facebook die Erstellung der sog. \u201eEvents\u201c und die Zusammenf\u00fchrung in Seiten-Insights. Die Vereinbarung zur Datenverarbeitung f\u00fcr Seiten-Insights und welche Events von Facebook erstellt werden, k\u00f6nnen sie hier aufrufen: https:\/\/www.facebook.com\/legal\/terms\/page_controller_addendum<\/p>\n<p>Ob es sich bei den Nutzern um eingeloggte Nutzer von Facebook handelt, ermittelt Facebook mithilfe von Cookies. Nicht-eingeloggte Nutzer k\u00f6nnen nur begrenzte Events ausl\u00f6sen, u.a. das Besuchen einer Seite oder das Klicken auf ein Foto oder Video.<\/p>\n<p>Diese Statistiken Seiten-Insights werden durch Facebook erzeugt und bereitgestellt. Hierauf haben wir als Betreiber der Seite keinen Einfluss. Wir k\u00f6nnen diese Funktion nicht abstellen oder die Erzeugung und Verarbeitung der Daten nicht verhindern. Die auf diese Weise erstellten Nutzerprofile verwenden wir zu Analyse- und Optimierungszwecken unseres Facebook Auftritts sowie zur gezielten Schaltung von Werbeanzeigen auf Facebook.<\/p>\n<p>Wenn Sie unsere Facebook Fanpage besuchen oder mit uns interagieren, werden Informationen wie die folgenden durch Facebook bereitgestellt:<\/p>\n<ul>\n<li>Gesamtanzahl von Seiten-\/Beitrags-\/Videoaufrufen<\/li>\n<li>Gesamtanzahl von Abonnenten<\/li>\n<li>Gesamtanzahl von \u201eGef\u00e4llt mir\u201c-Angaben<\/li>\n<li>Interaktionen (Gef\u00e4llt mir, Kommentare, Teilen, Klicks) Seitenaktivit\u00e4ten<\/li>\n<li>Reichweite<\/li>\n<li>Informationen zu den Personen (Anteil M\u00e4nner und Frauen, Herkunft bezogen auf das Land und die Stadt, Sprache)<\/li>\n<li>Welches Endger\u00e4t genutzt wird, um die Seite zu benutzen.<\/li>\n<\/ul>\n<p>Rechtsgrundlage der Verarbeitung ist unser berechtigtes Interesse unsere Produkte und Dienstleistungen zu vermarkten, unsere Online Pr\u00e4senz zu verbessern sowie unsere Beitr\u00e4ge und Aktivit\u00e4ten auf unserer Facebook Fanpage zu optimieren (Art. 6 Abs. 1 lit. f DS-GVO).<\/p>\n<p><strong>Datenverarbeitung bei Kontaktaufnahme<\/strong><br \/>\nDie Verarbeitung Ihrer personenbezogener Daten durch uns erfolgt, wenn Sie z.B. einen Kommentar auf unserer Facebook Fanpage abgeben, per Kommentar oder privater Nachricht Kontakt zu uns aufnehmen, unsere Beitr\u00e4ge teilen, uns bewerten oder \u201eGef\u00e4llt mir\u201c klicken. Dadurch werden personenbezogenen Daten, wie Ihre Nutzerkennung bei Facebook und die Art von Daten, die sich aus Ihren Angaben ergeben, verarbeitet. Zweck der Datenverarbeitung ist die Kundenansprache \u00fcber neue Produkte, Dienstleistungen, Sachthemen, Gewinnspiele, Veranstaltungen und die Interaktion mit Ihnen zu diesen Themen. Rechtsgrundlage f\u00fcr die Verarbeitung der Daten ist unser berechtigtes Interesse, die von uns angebotenen Inhalte zu vermarkten, gezielt mit Ihnen zu kommunizieren und Ihnen Informationen zur Verf\u00fcgung zu stellen gem\u00e4\u00df Art.\u00a06\u00a0Abs.\u00a01\u00a0lit.\u00a0f\u00a0DS\u2011GVO. Im Fall von Anfragen via privater Nachricht verweisen wir Sie an den zust\u00e4ndigen Ansprechpartner bzw. leiten Ihr Anliegen an diesen weiter. Nach Bearbeitung Ihrer Anfrage werden Ihre personenbezogenen Daten gel\u00f6scht.<\/p>\n<p>\u00d6ffentliche Posts, die Sie auf unserer Facebook Fanpage t\u00e4tigen, bleiben zum Zweck der Dokumentation unserer Social Media Aktivit\u00e4t zeitlich unbegrenzt bestehen; es sei denn wir l\u00f6schen diese aufgrund einer Aktualisierung des zugrundeliegenden Themas, eines Rechtsversto\u00dfes oder Versto\u00dfes gegen unsere Leitlinien oder Sie l\u00f6schen den Post selbst. Auf die L\u00f6schung von Posts durch Facebook haben wir keine Einflussm\u00f6glichkeit.<\/p>\n<p>F\u00fcr den Fall, dass Sie als Nutzer Facebook eine Einwilligung in die Datenverarbeitung erteilt haben, erstreckt sich die Rechtsgrundlage auf Art.\u00a06\u00a0Abs.\u00a01\u00a0lit.\u00a0a\u00a0DS\u2011GVO.<\/p>\n<p><strong>Datenverarbeitung bei Gewinnspielteilnahme<\/strong><br \/>\nDurch die Gewinnspielteilnahme verarbeiten wir ebenfalls Ihre personenbezogenen Daten. Dabei handelt es sich um Kontakt- und Adressdaten (Name, Anschrift), Aktionen (insbesondere Kommentare und Likes) sowie personenbezogene Daten im Rahmen von Fotos (inkl. m\u00f6glicher Metadaten), die zum Zweck der Gewinnerermittlung, Gewinnerbekanntgabe und Zusendung des Gewinns erforderlich sind. Rechtsgrundlage f\u00fcr die Datenverarbeitung im Falle Ihrer Teilnahme ist Art.\u00a06\u00a0Abs.\u00a01\u00a0lit.\u00a0b\u00a0DS\u2011GVO. Die L\u00f6schung Ihrer personenbezogenen Daten erfolgt nach Abschluss des Gewinnspiels. Die Gewinnspielbeitr\u00e4ge bleiben zum Zweck der Dokumentation der Social Media Aktivit\u00e4t zeitlich unbegrenzt auf unserer Facebook Fanpage bestehen.<\/p>\n<p><strong>Speicherdauer<\/strong><br \/>\nDie von uns erhobenen personenbezogenen Daten verarbeiten wir solange bis die bei Erhebung der Daten festgelegten Zwecke erf\u00fcllt worden sind oder Sie von Ihrem Widerrufs- oder Widerspruchsrecht Gebrauch gemacht haben. Gesetzliche Aufbewahrungs- oder Dokumentationspflichten k\u00f6nnen dar\u00fcber hinaus eine l\u00e4ngere Speicherung erforderlich machen. Dies gilt auch f\u00fcr den Fall, dass personenbezogene Daten f\u00fcr die Geltendmachung, Aus\u00fcbung oder Verteidigung rechtlicher Anspr\u00fcche ben\u00f6tigt werden. Auf die Speicherdauer von Facebook haben wir keinen Einfluss. Ihre M\u00f6glichkeit, Posts selbst zu l\u00f6schen, bleibt davon unbenommen.<\/p>\n<p><strong>Ihre Rechte als Nutzer<\/strong><br \/>\nAls betroffene Person haben Sie gem\u00e4\u00df DS-GVO folgende Rechte:<br \/>\n&#8211; Recht auf Auskunft \u00fcber die betreffenden personenbezogenen Daten (Art. 15 DS-GVO)<br \/>\n&#8211; Recht auf Berichtigung (Art. 16 DS-GVO)<br \/>\n&#8211; Recht auf L\u00f6schung (Art. 17 DS-GVO)<br \/>\n&#8211; Recht auf Einschr\u00e4nkung der Verarbeitung (Art. 18 DS-GVO)<br \/>\n&#8211; Recht auf Daten\u00fcbertragbarkeit (Art. 20 DS-GVO)<br \/>\n&#8211; Widerspruchsrecht aufgrund der besonderen Situation gegen die Verarbeitung (Art.\u00a021\u00a0DS\u2011GVO)<\/p>\n<p>Sollten Sie der Auffassung sein, die Verarbeitung personenbezogener Daten entspreche nicht den gesetzlichen Anforderungen, k\u00f6nnen Sie Beschwerde bei der f\u00fcr Facebook zust\u00e4ndigen Aufsichtsbeh\u00f6rde, der irischen Datenschutzkommission (siehe\u00a0<a href=\"http:\/\/www.dataprotection.ie\">www.dataprotection.ie<\/a>), oder bei einer lokalen Aufsichtsbeh\u00f6rde einlegen.<\/p>\n<p><strong>Widerspruchsrecht<br \/>\n<\/strong>Sie haben das Recht, aus Gr\u00fcnden, die sich aus Ihrer besonderen Situation ergeben, jederzeit gegen die Verarbeitung Ihrer personenbezogenen Daten Widerspruch einzulegen, sofern die Verarbeitung auf Art.\u00a06\u00a0Abs.\u00a01\u00a0lit.\u00a0f\u00a0DS\u2011GVO beruht. Soweit sich der Widerspruch gegen die Verarbeitung personenbezogener Daten zum Zwecke von Direktwerbung richtet, haben Sie jederzeit ein Widerspruchsrecht ohne das Erfordernis der besonderen Gr\u00fcnde.<\/p>\n<p>Wenden Sie sich bitte in den zuvor genannten F\u00e4llen oder Im Fall von Beschwerden schriftlich oder per E-Mail an den Datenschutzbeauftragten.<\/p>\n<p>Um Ihre Rechte als Nutzer wahrzunehmen k\u00f6nnen Sie sich auch an Facebook wenden.<\/p>\n<p>Ihre Werbeeinstellungen k\u00f6nnen Sie selbst\u00e4ndig in Ihrem Nutzer-Account anpassen. Klicken Sie hierzu auf folgenden Link und loggen Sie sich ein:\u00a0<a href=\"https:\/\/www.facebook.com\/settings?tab=ads\">https:\/\/www.facebook.com\/settings?tab=ads<\/a>. Weitere Informationen hierzu finden sich in der Datenschutzerkl\u00e4rung von Facebook.<\/p>\n","protected":false},"excerpt":{"rendered":"<p>DATENSCHUTZERKL\u00c4RUNG SOCIAL MEDIA\u00a0(Stand: 22.03.2021) Der Schutz Ihrer personenbezogenen Daten ist uns ein wichtiges Anliegen. Im Folgenden m\u00f6chten wir Sie dar\u00fcber informieren, wie Ihre personenbezogenen Daten von uns im Rahmen der Facebook Fanpages verarbeitet werden und welche Rechte Sie als betroffene Person haben. Allgemeine Informationen zur Verarbeitung Ihrer personenbezogenen Daten erhalten Sie unter\u00a0https:\/\/www.neimcke.at\/datenschutz. Informationen zur Verarbeitung&nbsp; <a href=\"https:\/\/www.neimcke.de\/at\/datenschutz-social-media\/\">&hellip; Read more <i class=\"fa fa-arrow-right\"><\/i><\/a><\/p>\n","protected":false},"author":9,"featured_media":0,"parent":0,"menu_order":0,"comment_status":"closed","ping_status":"closed","template":"page-templates\/impress.php","meta":{"_acf_changed":false,"footnotes":""},"class_list":["post-5220","page","type-page","status-publish","hentry"],"acf":[],"yoast_head":"<!-- This site is optimized with the Yoast SEO plugin v26.7 - https:\/\/yoast.com\/wordpress\/plugins\/seo\/ -->\n<title>Datenschutzerkl\u00e4rung Sozial Media der Neimcke AT GmbH &amp; Co. KG<\/title>\n<meta name=\"description\" content=\"Der Schutz Ihrer personenbezogenen Daten ist uns wichtig. Wie Ihre Daten im Rahmen unserer Sozial Media Seiten verarbeitet werden sehen Sie hier.\" \/>\n<meta name=\"robots\" content=\"index, follow, max-snippet:-1, max-image-preview:large, max-video-preview:-1\" \/>\n<link rel=\"canonical\" href=\"https:\/\/www.neimcke.de\/datenschutzerklaerung-sozial-media\/\" \/>\n<meta property=\"og:locale\" content=\"de_DE\" \/>\n<meta property=\"og:type\" content=\"article\" \/>\n<meta property=\"og:title\" content=\"Datenschutzerkl\u00e4rung Sozial Media der Neimcke AT GmbH &amp; Co. KG\" \/>\n<meta property=\"og:description\" content=\"Der Schutz Ihrer personenbezogenen Daten ist uns wichtig. Wie Ihre Daten im Rahmen unserer Sozial Media Seiten verarbeitet werden sehen Sie hier.\" \/>\n<meta property=\"og:url\" content=\"https:\/\/www.neimcke.de\/datenschutzerklaerung-sozial-media\/\" \/>\n<meta property=\"og:site_name\" content=\"Neimcke - Weil jedes Teil z\u00e4hlt! Gro\u00dfhandel f\u00fcr Kfz-Ersatzteile, Verschlei\u00dfteile und Werkstatteinrichtung. | Gro\u00dfhandel, Autoteile, Autozubeh\u00f6r, Werkstatteinrichtung\" \/>\n<meta property=\"article:publisher\" content=\"https:\/\/de-de.facebook.com\/Neimcke\/\" \/>\n<meta property=\"article:modified_time\" content=\"2021-03-22T10:26:34+00:00\" \/>\n<meta name=\"twitter:card\" content=\"summary_large_image\" \/>\n<meta name=\"twitter:site\" content=\"@neimcke\" \/>\n<meta name=\"twitter:label1\" content=\"Est. reading time\" \/>\n\t<meta name=\"twitter:data1\" content=\"8 minutes\" \/>\n<script type=\"application\/ld+json\" class=\"yoast-schema-graph\">{\"@context\":\"https:\/\/schema.org\",\"@graph\":[{\"@type\":\"WebPage\",\"@id\":\"https:\/\/www.neimcke.de\/datenschutzerklaerung-sozial-media\/\",\"url\":\"https:\/\/www.neimcke.de\/datenschutzerklaerung-sozial-media\/\",\"name\":\"Datenschutzerkl\u00e4rung Sozial Media der Neimcke AT GmbH & Co. KG\",\"isPartOf\":{\"@id\":\"https:\/\/www.neimcke.de\/#website\"},\"datePublished\":\"2020-02-17T10:10:28+00:00\",\"dateModified\":\"2021-03-22T10:26:34+00:00\",\"description\":\"Der Schutz Ihrer personenbezogenen Daten ist uns wichtig. Wie Ihre Daten im Rahmen unserer Sozial Media Seiten verarbeitet werden sehen Sie hier.\",\"breadcrumb\":{\"@id\":\"https:\/\/www.neimcke.de\/datenschutzerklaerung-sozial-media\/#breadcrumb\"},\"inLanguage\":\"de-AT\",\"potentialAction\":[{\"@type\":\"ReadAction\",\"target\":[\"https:\/\/www.neimcke.de\/datenschutzerklaerung-sozial-media\/\"]}]},{\"@type\":\"BreadcrumbList\",\"@id\":\"https:\/\/www.neimcke.de\/datenschutzerklaerung-sozial-media\/#breadcrumb\",\"itemListElement\":[{\"@type\":\"ListItem\",\"position\":1,\"name\":\"Startseite\",\"item\":\"https:\/\/www.neimcke.de\/at\/www-neimcke-de\/\"},{\"@type\":\"ListItem\",\"position\":2,\"name\":\"Datenschutzerkl\u00e4rung Social Media\"}]},{\"@type\":\"WebSite\",\"@id\":\"https:\/\/www.neimcke.de\/#website\",\"url\":\"https:\/\/www.neimcke.de\/\",\"name\":\"Neimcke - Weil jedes Teil z\u00e4hlt! Gro\u00dfhandel f\u00fcr Kfz-Ersatzteile, Verschlei\u00dfteile und Werkstatteinrichtung. | Gro\u00dfhandel, Autoteile, Autozubeh\u00f6r, Werkstatteinrichtung\",\"description\":\"Weil jedes Teil z\u00e4hlt! Gro\u00dfhandel f\u00fcr Kfz-Ersatzteile, Verschlei\u00dfteile und Werkstatteinrichtung.\",\"potentialAction\":[{\"@type\":\"SearchAction\",\"target\":{\"@type\":\"EntryPoint\",\"urlTemplate\":\"https:\/\/www.neimcke.de\/?s={search_term_string}\"},\"query-input\":{\"@type\":\"PropertyValueSpecification\",\"valueRequired\":true,\"valueName\":\"search_term_string\"}}],\"inLanguage\":\"de-AT\"}]}<\/script>\n<!-- \/ Yoast SEO plugin. -->","yoast_head_json":{"title":"Datenschutzerkl\u00e4rung Sozial Media der Neimcke AT GmbH & Co. KG","description":"Der Schutz Ihrer personenbezogenen Daten ist uns wichtig. Wie Ihre Daten im Rahmen unserer Sozial Media Seiten verarbeitet werden sehen Sie hier.","robots":{"index":"index","follow":"follow","max-snippet":"max-snippet:-1","max-image-preview":"max-image-preview:large","max-video-preview":"max-video-preview:-1"},"canonical":"https:\/\/www.neimcke.de\/datenschutzerklaerung-sozial-media\/","og_locale":"de_DE","og_type":"article","og_title":"Datenschutzerkl\u00e4rung Sozial Media der Neimcke AT GmbH & Co. KG","og_description":"Der Schutz Ihrer personenbezogenen Daten ist uns wichtig. Wie Ihre Daten im Rahmen unserer Sozial Media Seiten verarbeitet werden sehen Sie hier.","og_url":"https:\/\/www.neimcke.de\/datenschutzerklaerung-sozial-media\/","og_site_name":"Neimcke - Weil jedes Teil z\u00e4hlt! Gro\u00dfhandel f\u00fcr Kfz-Ersatzteile, Verschlei\u00dfteile und Werkstatteinrichtung. | Gro\u00dfhandel, Autoteile, Autozubeh\u00f6r, Werkstatteinrichtung","article_publisher":"https:\/\/de-de.facebook.com\/Neimcke\/","article_modified_time":"2021-03-22T10:26:34+00:00","twitter_card":"summary_large_image","twitter_site":"@neimcke","twitter_misc":{"Est. reading time":"8 minutes"},"schema":{"@context":"https:\/\/schema.org","@graph":[{"@type":"WebPage","@id":"https:\/\/www.neimcke.de\/datenschutzerklaerung-sozial-media\/","url":"https:\/\/www.neimcke.de\/datenschutzerklaerung-sozial-media\/","name":"Datenschutzerkl\u00e4rung Sozial Media der Neimcke AT GmbH & Co. KG","isPartOf":{"@id":"https:\/\/www.neimcke.de\/#website"},"datePublished":"2020-02-17T10:10:28+00:00","dateModified":"2021-03-22T10:26:34+00:00","description":"Der Schutz Ihrer personenbezogenen Daten ist uns wichtig. Wie Ihre Daten im Rahmen unserer Sozial Media Seiten verarbeitet werden sehen Sie hier.","breadcrumb":{"@id":"https:\/\/www.neimcke.de\/datenschutzerklaerung-sozial-media\/#breadcrumb"},"inLanguage":"de-AT","potentialAction":[{"@type":"ReadAction","target":["https:\/\/www.neimcke.de\/datenschutzerklaerung-sozial-media\/"]}]},{"@type":"BreadcrumbList","@id":"https:\/\/www.neimcke.de\/datenschutzerklaerung-sozial-media\/#breadcrumb","itemListElement":[{"@type":"ListItem","position":1,"name":"Startseite","item":"https:\/\/www.neimcke.de\/at\/www-neimcke-de\/"},{"@type":"ListItem","position":2,"name":"Datenschutzerkl\u00e4rung Social Media"}]},{"@type":"WebSite","@id":"https:\/\/www.neimcke.de\/#website","url":"https:\/\/www.neimcke.de\/","name":"Neimcke - Weil jedes Teil z\u00e4hlt! Gro\u00dfhandel f\u00fcr Kfz-Ersatzteile, Verschlei\u00dfteile und Werkstatteinrichtung. | Gro\u00dfhandel, Autoteile, Autozubeh\u00f6r, Werkstatteinrichtung","description":"Weil jedes Teil z\u00e4hlt! Gro\u00dfhandel f\u00fcr Kfz-Ersatzteile, Verschlei\u00dfteile und Werkstatteinrichtung.","potentialAction":[{"@type":"SearchAction","target":{"@type":"EntryPoint","urlTemplate":"https:\/\/www.neimcke.de\/?s={search_term_string}"},"query-input":{"@type":"PropertyValueSpecification","valueRequired":true,"valueName":"search_term_string"}}],"inLanguage":"de-AT"}]}},"_links":{"self":[{"href":"https:\/\/www.neimcke.de\/at\/wp-json\/wp\/v2\/pages\/5220","targetHints":{"allow":["GET"]}}],"collection":[{"href":"https:\/\/www.neimcke.de\/at\/wp-json\/wp\/v2\/pages"}],"about":[{"href":"https:\/\/www.neimcke.de\/at\/wp-json\/wp\/v2\/types\/page"}],"author":[{"embeddable":true,"href":"https:\/\/www.neimcke.de\/at\/wp-json\/wp\/v2\/users\/9"}],"replies":[{"embeddable":true,"href":"https:\/\/www.neimcke.de\/at\/wp-json\/wp\/v2\/comments?post=5220"}],"version-history":[{"count":4,"href":"https:\/\/www.neimcke.de\/at\/wp-json\/wp\/v2\/pages\/5220\/revisions"}],"predecessor-version":[{"id":6493,"href":"https:\/\/www.neimcke.de\/at\/wp-json\/wp\/v2\/pages\/5220\/revisions\/6493"}],"wp:attachment":[{"href":"https:\/\/www.neimcke.de\/at\/wp-json\/wp\/v2\/media?parent=5220"}],"curies":[{"name":"wp","href":"https:\/\/api.w.org\/{rel}","templated":true}]}}