{"id":5217,"date":"2020-02-17T11:00:10","date_gmt":"2020-02-17T10:00:10","guid":{"rendered":"https:\/\/www.neimcke.de\/?page_id=5217"},"modified":"2020-03-02T13:46:16","modified_gmt":"2020-03-02T12:46:16","slug":"datenschutz-website","status":"publish","type":"page","link":"https:\/\/www.neimcke.de\/at\/datenschutz-website\/","title":{"rendered":"Datenschutzerkl\u00e4rung website"},"content":{"rendered":"<h4>Datenschutz<\/h4>\n<p>Der Schutz Ihrer personenbezogenen Daten ist uns ein wichtiges Anliegen. Im Folgenden m\u00f6chten wir Sie dar\u00fcber informieren, wie Ihre personenbezogenen Daten von uns im Rahmen der Nutzung dieser Webseite verarbeitet werden und welche Rechte Sie als betroffene Person haben.<\/p>\n<p>Allgemeine Informationen zur Verarbeitung Ihrer personenbezogenen Daten erhalten Sie unter\u00a0<a href=\"https:\/\/www.neimcke.at\/datenschutz\">https:\/\/www.neimcke.at\/datenschutz<\/a>.<\/p>\n<p>&nbsp;<\/p>\n<h5>DATENSCHUTZERKL\u00c4RUNG\u00a0F\u00dcR NUTZER DIESER WEBSEITE\u00a0(Stand: 17.02.2020)<\/h5>\n<p><strong>Verantwortliche Stelle im Sinne der Datenschutzgesetze ist:<\/strong><br \/>\nNeimcke AT GmbH &amp; Co. KG<br \/>\nPillweinstra\u00dfe 16<br \/>\nA-5020 Salzburg<\/p>\n<p>Vertreten durch die Gesch\u00e4ftsf\u00fchrer.<\/p>\n<p>Tel.: +43 (0)662-8490-10<br \/>\nE-Mail:\u00a0<a href=\"mailto:verkauf.salzburg@neimcke.at\">verkauf.salzburg@neimcke.at<\/a><\/p>\n<p><strong>Erfassung allgemeiner Informationen<br \/>\n<\/strong>Wenn Sie auf unsere Webseite zugreifen, werden automatisch Informationen allgemeiner Natur erfasst. Diese Informationen (Server-Logfiles) beinhalten etwa die Art des Webbrowsers, das verwendete Betriebssystem, den Domainnamen Ihres Internet Service Providers und \u00c4hnliches. Hierbei handelt es sich ausschlie\u00dflich um Informationen, welche keine R\u00fcckschl\u00fcsse auf Ihre Person zulassen. Diese Informationen sind technisch notwendig, um von Ihnen angeforderte Inhalte von Webseiten korrekt auszuliefern und fallen bei Nutzung des Internets zwingend an. Anonyme Informationen dieser Art werden von uns statistisch ausgewertet, um unseren Internetauftritt und die dahinterstehende Technik zu optimieren.<\/p>\n<p><strong>Cookies\u00a0<\/strong><br \/>\nWie viele andere Webseiten verwenden wir auch so genannte \u201eCookies\u201c. Cookies sind kleine Textdateien, die von einem Webseitenserver auf Ihre Festplatte \u00fcbertragen werden. Hierdurch erhalten wir automatisch bestimmte Daten wie z.B. IP-Adresse, verwendeter Browser, Betriebssystem \u00fcber Ihren Computer und Ihre Verbindung zum Internet. Cookies k\u00f6nnen nicht verwendet werden, um Programme zu starten oder Viren auf einen Computer zu \u00fcbertragen. Anhand der in Cookies enthaltenen Informationen k\u00f6nnen wir Ihnen die Navigation erleichtern und die korrekte Anzeige unserer Webseiten erm\u00f6glichen.<\/p>\n<p>In keinem Fall werden die von uns erfassten Daten an Dritte weitergegeben oder ohne Ihre Einwilligung eine Verkn\u00fcpfung mit personenbezogenen Daten hergestellt Nat\u00fcrlich k\u00f6nnen Sie unsere Website grunds\u00e4tzlich auch ohne Cookies betrachten. Internet-Browser sind regelm\u00e4\u00dfig so eingestellt, dass sie Cookies akzeptieren. Sie k\u00f6nnen die Verwendung von Cookies jederzeit \u00fcber die Einstellungen Ihres Browsers deaktivieren. Bitte verwenden Sie die Hilfefunktionen Ihres Internetbrowsers, um zu erfahren, wie Sie diese Einstellungen \u00e4ndern k\u00f6nnen. Bitte beachten Sie, dass einzelne Funktionen unserer Website m\u00f6glicherweise nicht funktionieren, wenn Sie die Verwendung von Cookies deaktiviert haben.<\/p>\n<p><strong>Erbringung kostenpflichtiger Leistungen<\/strong><br \/>\nZur Erbringung kostenpflichtiger Leistungen werden von uns zus\u00e4tzliche Daten erfragt, wie\u00a0z.B. Zahlungsangaben.<\/p>\n<p><strong>SSL-Verschl\u00fcsselung<\/strong><br \/>\nUm die Sicherheit Ihrer Daten bei der \u00dcbertragung zu sch\u00fctzen, verwenden wir dem aktuellen Stand der Technik entsprechende Verschl\u00fcsselungsverfahren (z.B. SSL) \u00fcber HTTPS.<\/p>\n<p><strong>Newsletter<\/strong><br \/>\nBei der Anmeldung zum Bezug unseres Newsletters werden die von Ihnen angegebenen Daten ausschlie\u00dflich f\u00fcr diesen Zweck verwendet. Abonnenten k\u00f6nnen auch \u00fcber Umst\u00e4nde per E-Mail informiert werden, die f\u00fcr den Dienst oder die Registrierung relevant sind (beispielsweise \u00c4nderungen des Newsletterangebots oder technische Gegebenheiten).<\/p>\n<p>F\u00fcr eine wirksame Registrierung ben\u00f6tigen wir eine valide E-Mail-Adresse. Um zu \u00fcberpr\u00fcfen, dass eine Anmeldung tats\u00e4chlich durch den Inhaber einer E-Mail-Adresse erfolgt, setzen wir das \u201eDouble\u2011opt\u2011in\u201c\u2011Verfahren ein. Hierzu protokollieren wir die Bestellung des Newsletters, den Versand einer Best\u00e4tigungsmail und den Eingang der hiermit angeforderten Antwort. Weitere Daten werden nicht erhoben. Die Daten werden ausschlie\u00dflich f\u00fcr den Newsletterversand verwendet und nicht an Dritte weitergegeben.<\/p>\n<p>Die Einwilligung zur Speicherung Ihrer pers\u00f6nlichen Daten und ihrer Nutzung f\u00fcr den Newsletterversand k\u00f6nnen Sie jederzeit widerrufen. In jedem Newsletter findet sich dazu ein entsprechender Link. Au\u00dferdem k\u00f6nnen Sie sich jederzeit auch direkt auf dieser Webseite abmelden oder uns Ihren entsprechenden Wunsch \u00fcber die am Ende dieser Datenschutzhinweise angegebene Kontaktm\u00f6glichkeit mitteilen.<\/p>\n<p><strong>L\u00f6schung bzw. Sperrung der Daten<\/strong><br \/>\nWir halten uns an die Grunds\u00e4tze der Datenvermeidung und Datensparsamkeit. Wir speichern Ihre personenbezogenen Daten daher nur so lange, wie dies zur Erreichung der hier genannten Zwecke erforderlich ist oder wie es die vom Gesetzgeber vorgesehenen vielf\u00e4ltigen Speicherfristen vorsehen. Nach Fortfall des jeweiligen Zweckes bzw. Ablauf dieser Fristen werden die entsprechenden Daten routinem\u00e4\u00dfig und entsprechend den gesetzlichen Vorschriften gesperrt oder gel\u00f6scht.<\/p>\n<p><strong>Verwendung von Matomo<\/strong><\/p>\n<p>Wir setzen Matomo (ehemals Piwik) ein, um mithilfe dieser Open-Source-Software der InnoCraft Ltd., 150 Willis St, 6011 Wellington, Neuseeland, die Benutzung unserer Webseite statistisch auszuwerten.<\/p>\n<p>Zur Erfassung der Daten wird ein Cookie auf Ihrem Endger\u00e4t gespeichert. Die hierbei erzeugten Informationen werden auf Servern in Deutschland gespeichert und nach einer Speicherdauer von 180 Tagen gel\u00f6scht. Rechtsgrundlage ist Art. 6 Abs. 1 lit. f DS-GVO. Zweck der Datenverarbeitung ist die Analyse der Nutzung unseres Internetauftritts. Durch die statistische Auswertung haben wir die M\u00f6glichkeit unser Angebot zu verbessern und Ihren Besuch interessanter zu gestalten.<\/p>\n<p>Wir nutzen Matomo mit der Einstellung \u201eAnonymize Visitors\u2018 IP addresses\u201c. Diese Anonymisierungsfunktion verk\u00fcrzt Ihre IP-Adresse, sodass kein R\u00fcckschluss auf Ihre Person bzw. zu dem von Ihnen genutzten Internetzugang m\u00f6glich ist. Weitere Informationen zu den Datenschutzregelungen von Matomo finden Sie unter folgendem Link: <a href=\"https:\/\/matomo.org\/docs\/privacy\">https:\/\/matomo.org\/docs\/privacy<\/a>.<\/p>\n<p>Falls Sie die Verarbeitung Ihrer Daten verhindern wollen, haben Sie die M\u00f6glichkeit vorhandene Cookies zu l\u00f6schen und die Speicherung des Cookies in Ihren Browsereinstellungen zu unterbinden. N\u00e4here Informationen finden Sie vorstehend unter \u201eCookies\u201c.<br \/>\nAu\u00dferdem k\u00f6nnen Sie den Einsatz von Matomo verhindern, indem Sie folgenden Link klicken, um den Matomo-Deaktivierungs-Cookie in Ihrem Browser abzulegen.<\/p>\n<p><iframe id=\"matomo-iframe\" src=\"https:\/\/www.neimcke.de\/matomo\/index.php?module=CoreAdminHome&amp;action=optOut&amp;language=de\" height=\"120px\" frameborder=\"no\" data-mce-fragment=\"1\"><span data-mce-type=\"bookmark\" style=\"display: inline-block; width: 0px; overflow: hidden; line-height: 0;\" class=\"mce_SELRES_start\">\ufeff<\/span><span data-mce-type=\"bookmark\" style=\"display: inline-block; width: 0px; overflow: hidden; line-height: 0;\" class=\"mce_SELRES_start\">\ufeff<\/span><\/iframe><\/p>\n<p><strong>Verwendung von Adobe Typekit<br \/>\n<\/strong>Zur einheitlichen Darstellung von Schriftarten auf unserer Webseite verwenden wir Adobe Typekit. Dies ist ein Dienst der Adobe Systems Software Ireland Limited (4-6 Riverwalk, Citywest Business Campus, Dublin 24, Republic of Ireland), der uns Zugriff auf eine Schriftbibliothek erm\u00f6glicht. Zur Einbindung der von uns benutzten Schriftarten, muss Ihr Browser eine Verbindung zu einem Server von Adobe in den USA aufbauen und die f\u00fcr unsere Website ben\u00f6tigte Schriftart herunterladen. Adobe erh\u00e4lt hierdurch die Information, dass von Ihrer IP-Adresse unsere Website aufgerufen wurde. Es werden keine Cookies platziert oder verwendet. Weitere Informationen zu Adobe Typekit finden Sie in den Datenschutzhinweisen von Adobe, die Sie hier abrufen k\u00f6nnen: <a href=\"https:\/\/www.adobe.com\/de\/privacy\/policy.html\">https:\/\/www.adobe.com\/de\/privacy\/policy.html<\/a> und <a href=\"https:\/\/www.adobe.com\/de\/privacy\/policies\/typekit.html\">https:\/\/www.adobe.com\/de\/privacy\/policies\/typekit.html<\/a>.<\/p>\n<p><strong>Verwendung von Google Maps<\/strong><br \/>\nDiese Webseite verwendet Google Maps API, um geographische Informationen visuell darzustellen. Bei der Nutzung von Google Maps werden von Google auch Daten \u00fcber die Nutzung der Kartenfunktionen durch Besucher erhoben, verarbeitet und genutzt. N\u00e4here Informationen \u00fcber die Datenverarbeitung durch Google k\u00f6nnen Sie\u00a0<a href=\"http:\/\/www.google.com\/privacypolicy.html\">den Google-Datenschutzhinweisen<\/a>\u00a0entnehmen. Dort k\u00f6nnen Sie im Datenschutzcenter auch Ihre pers\u00f6nlichen Datenschutz-Einstellungen ver\u00e4ndern. Ausf\u00fchrliche Anleitungen zur Verwaltung der eigenen Daten im Zusammenhang mit Google-Produkten\u00a0<a href=\"http:\/\/www.dataliberation.org\/\">finden Sie hier<\/a>.<\/p>\n<p><strong>Eingebettete Vimeo-Videos<\/strong><br \/>\nAuf einigen unserer Webseiten betten wir Videos von dem Anbieter Vimeo ein. Betreiber der entsprechenden Plugins ist die Vimeo, LLC, 555 West 18th Street, New York, NY 10011, USA. Wenn Sie eine Seite mit dem Vimeo-Plugin besuchen, wird eine Verbindung zu Servern von Vimeo hergestellt. Dabei wird dem Anbieter mitgeteilt, welche Seiten Sie besuchen. Wenn Sie in Ihrem Vimeo-Account eingeloggt sind, kann Vimeo Ihr Surfverhalten Ihnen pers\u00f6nlich zuzuordnen. Dies verhindern Sie, indem Sie sich vorher aus Ihrem Vimeo-Account ausloggen.<\/p>\n<p>Wird ein Vimeo-Video gestartet, setzt der Anbieter Cookies ein, die Hinweise \u00fcber das Nutzerverhalten sammeln. Wenn Sie dies unterbinden wollen, m\u00fcssen Sie sich vor Ihrem Besuch unserer Webseite aus Ihrem Vimeo-Account ausloggen. Au\u00dferdem m\u00fcssen Sie das Speichern von Cookies im Browser blockieren.<\/p>\n<p>Weitere Informationen zum Datenschutz bei \u201eVimeo\u201c finden Sie in der Datenschutzerkl\u00e4rung des Anbieters unter:\u00a0<a href=\"https:\/\/vimeo.com\/privacy\">https:\/\/vimeo.com\/privacy<\/a>.<\/p>\n<p><strong>Eingebettete YouTube-Videos<\/strong><br \/>\nAuf einigen unserer Webseiten betten wir Youtube-Videos ein. Betreiber der entsprechenden Plugins ist die YouTube, LLC, 901 Cherry Ave., San Bruno, CA 94066, USA. Wenn Sie eine Seite mit dem YouTube-Plugin besuchen, wird eine Verbindung zu Servern von Youtube hergestellt. Dabei wird Youtube mitgeteilt, welche Seiten Sie besuchen. Wenn Sie in Ihrem Youtube-Account eingeloggt sind, kann Youtube Ihr Surfverhalten Ihnen pers\u00f6nlich zuzuordnen. Dies verhindern Sie, indem Sie sich vorher aus Ihrem Youtube-Account ausloggen.<\/p>\n<p>Wird ein Youtube-Video gestartet, setzt der Anbieter Cookies ein, die Hinweise \u00fcber das Nutzerverhalten sammeln. Wer das Speichern von Cookies f\u00fcr das Google-Ad-Programm deaktiviert hat, wird auch beim Anschauen von Youtube-Videos mit keinen solchen Cookies rechnen m\u00fcssen. Youtube legt aber auch in anderen Cookies nicht-personenbezogene Nutzungsinformationen ab. M\u00f6chten Sie dies verhindern, so m\u00fcssen Sie das Speichern von Cookies im Browser blockieren.<\/p>\n<p>Weitere Informationen zum Datenschutz bei \u201eYoutube\u201c finden Sie in der Datenschutzerkl\u00e4rung des Anbieters unter:\u00a0<a href=\"https:\/\/www.google.de\/intl\/de\/policies\/privacy\/\">https:\/\/www.google.de\/intl\/de\/policies\/privacy\/<br \/>\n<\/a><\/p>\n<p><strong>Ihre Rechte auf Auskunft, Berichtigung, Sperre, L\u00f6schung und Widerspruch<\/strong><br \/>\nSie haben das Recht, jederzeit Auskunft \u00fcber Ihre bei uns gespeicherten personenbezogenen Daten zu erhalten. Ebenso haben Sie das Recht auf Berichtigung, Sperrung oder, abgesehen von der vorgeschriebenen Datenspeicherung zur Gesch\u00e4ftsabwicklung, L\u00f6schung Ihrer personenbezogenen Daten. Bitte wenden Sie sich dazu an unseren Datenschutzbeauftragten. Die Kontaktdaten finden Sie ganz unten.<\/p>\n<p>Damit eine Sperre von Daten jederzeit ber\u00fccksichtigt werden kann, m\u00fcssen diese Daten zu Kontrollzwecken in einer Sperrdatei vorgehalten werden. Sie k\u00f6nnen auch die L\u00f6schung der Daten verlangen, soweit keine gesetzliche Archivierungsverpflichtung besteht. Soweit eine solche Verpflichtung besteht, sperren wir Ihre Daten auf Wunsch.\u00a0Sie k\u00f6nnen \u00c4nderungen oder den Widerruf einer Einwilligung durch entsprechende Mitteilung an uns mit Wirkung f\u00fcr die Zukunft vornehmen.<\/p>\n<p><strong>\u00c4nderung unserer Datenschutzbestimmungen<\/strong><br \/>\nWir behalten uns vor, diese Datenschutzerkl\u00e4rung gelegentlich anzupassen, damit sie stets den aktuellen rechtlichen Anforderungen entspricht oder um \u00c4nderungen unserer Leistungen in der Datenschutzerkl\u00e4rung umzusetzen, z.B. bei der Einf\u00fchrung neuer Services. F\u00fcr Ihren erneuten Besuch gilt dann die neue Datenschutzerkl\u00e4rung.<\/p>\n<p>Die Datenschutzerkl\u00e4rung wurde mit dem\u00a0<a href=\"https:\/\/www.activemind.de\/datenschutz\/datenschutzhinweis-generator\">Datenschutzerkl\u00e4rungs-Generator<\/a>\u00a0der activeMind AG erstellt.<\/p>\n","protected":false},"excerpt":{"rendered":"<p>Datenschutz Der Schutz Ihrer personenbezogenen Daten ist uns ein wichtiges Anliegen. Im Folgenden m\u00f6chten wir Sie dar\u00fcber informieren, wie Ihre personenbezogenen Daten von uns im Rahmen der Nutzung dieser Webseite verarbeitet werden und welche Rechte Sie als betroffene Person haben. Allgemeine Informationen zur Verarbeitung Ihrer personenbezogenen Daten erhalten Sie unter\u00a0https:\/\/www.neimcke.at\/datenschutz. &nbsp; DATENSCHUTZERKL\u00c4RUNG\u00a0F\u00dcR NUTZER DIESER WEBSEITE\u00a0(Stand:&nbsp; <a href=\"https:\/\/www.neimcke.de\/at\/datenschutz-website\/\">&hellip; Read more <i class=\"fa fa-arrow-right\"><\/i><\/a><\/p>\n","protected":false},"author":9,"featured_media":0,"parent":0,"menu_order":0,"comment_status":"closed","ping_status":"closed","template":"page-templates\/impress.php","meta":{"_acf_changed":false,"footnotes":""},"class_list":["post-5217","page","type-page","status-publish","hentry"],"acf":[],"yoast_head":"<!-- This site is optimized with the Yoast SEO plugin v26.7 - https:\/\/yoast.com\/wordpress\/plugins\/seo\/ -->\n<title>Datenschutzerkl\u00e4rung zur website der Neimcke AT GmbH &amp; Co. KG<\/title>\n<meta name=\"description\" content=\"Der Schutz Ihrer personenbezogenen Daten ist uns ein wichtiges Anliegen. Wir informieren Sie, wie Ihre Daten auf der Neimcke website verarbeitet werden.\" \/>\n<meta name=\"robots\" content=\"index, follow, max-snippet:-1, max-image-preview:large, max-video-preview:-1\" \/>\n<link rel=\"canonical\" href=\"https:\/\/www.neimcke.de\/datenschutz-website\/\" \/>\n<meta property=\"og:locale\" content=\"de_DE\" \/>\n<meta property=\"og:type\" content=\"article\" \/>\n<meta property=\"og:title\" content=\"Datenschutzerkl\u00e4rung zur website der Neimcke AT GmbH &amp; Co. KG\" \/>\n<meta property=\"og:description\" content=\"Der Schutz Ihrer personenbezogenen Daten ist uns ein wichtiges Anliegen. Wir informieren Sie, wie Ihre Daten auf der Neimcke website verarbeitet werden.\" \/>\n<meta property=\"og:url\" content=\"https:\/\/www.neimcke.de\/datenschutz-website\/\" \/>\n<meta property=\"og:site_name\" content=\"Neimcke - Weil jedes Teil z\u00e4hlt! Gro\u00dfhandel f\u00fcr Kfz-Ersatzteile, Verschlei\u00dfteile und Werkstatteinrichtung. | Gro\u00dfhandel, Autoteile, Autozubeh\u00f6r, Werkstatteinrichtung\" \/>\n<meta property=\"article:publisher\" content=\"https:\/\/de-de.facebook.com\/Neimcke\/\" \/>\n<meta property=\"article:modified_time\" content=\"2020-03-02T12:46:16+00:00\" \/>\n<meta name=\"twitter:card\" content=\"summary_large_image\" \/>\n<meta name=\"twitter:site\" content=\"@neimcke\" \/>\n<meta name=\"twitter:label1\" content=\"Est. reading time\" \/>\n\t<meta name=\"twitter:data1\" content=\"8 minutes\" \/>\n<script type=\"application\/ld+json\" class=\"yoast-schema-graph\">{\"@context\":\"https:\/\/schema.org\",\"@graph\":[{\"@type\":\"WebPage\",\"@id\":\"https:\/\/www.neimcke.de\/datenschutz-website\/\",\"url\":\"https:\/\/www.neimcke.de\/datenschutz-website\/\",\"name\":\"Datenschutzerkl\u00e4rung zur website der Neimcke AT GmbH & Co. KG\",\"isPartOf\":{\"@id\":\"https:\/\/www.neimcke.de\/#website\"},\"datePublished\":\"2020-02-17T10:00:10+00:00\",\"dateModified\":\"2020-03-02T12:46:16+00:00\",\"description\":\"Der Schutz Ihrer personenbezogenen Daten ist uns ein wichtiges Anliegen. Wir informieren Sie, wie Ihre Daten auf der Neimcke website verarbeitet werden.\",\"breadcrumb\":{\"@id\":\"https:\/\/www.neimcke.de\/datenschutz-website\/#breadcrumb\"},\"inLanguage\":\"de-AT\",\"potentialAction\":[{\"@type\":\"ReadAction\",\"target\":[\"https:\/\/www.neimcke.de\/datenschutz-website\/\"]}]},{\"@type\":\"BreadcrumbList\",\"@id\":\"https:\/\/www.neimcke.de\/datenschutz-website\/#breadcrumb\",\"itemListElement\":[{\"@type\":\"ListItem\",\"position\":1,\"name\":\"Startseite\",\"item\":\"https:\/\/www.neimcke.de\/at\/www-neimcke-de\/\"},{\"@type\":\"ListItem\",\"position\":2,\"name\":\"Datenschutzerkl\u00e4rung website\"}]},{\"@type\":\"WebSite\",\"@id\":\"https:\/\/www.neimcke.de\/#website\",\"url\":\"https:\/\/www.neimcke.de\/\",\"name\":\"Neimcke - Weil jedes Teil z\u00e4hlt! Gro\u00dfhandel f\u00fcr Kfz-Ersatzteile, Verschlei\u00dfteile und Werkstatteinrichtung. | Gro\u00dfhandel, Autoteile, Autozubeh\u00f6r, Werkstatteinrichtung\",\"description\":\"Weil jedes Teil z\u00e4hlt! Gro\u00dfhandel f\u00fcr Kfz-Ersatzteile, Verschlei\u00dfteile und Werkstatteinrichtung.\",\"potentialAction\":[{\"@type\":\"SearchAction\",\"target\":{\"@type\":\"EntryPoint\",\"urlTemplate\":\"https:\/\/www.neimcke.de\/?s={search_term_string}\"},\"query-input\":{\"@type\":\"PropertyValueSpecification\",\"valueRequired\":true,\"valueName\":\"search_term_string\"}}],\"inLanguage\":\"de-AT\"}]}<\/script>\n<!-- \/ Yoast SEO plugin. -->","yoast_head_json":{"title":"Datenschutzerkl\u00e4rung zur website der Neimcke AT GmbH & Co. KG","description":"Der Schutz Ihrer personenbezogenen Daten ist uns ein wichtiges Anliegen. Wir informieren Sie, wie Ihre Daten auf der Neimcke website verarbeitet werden.","robots":{"index":"index","follow":"follow","max-snippet":"max-snippet:-1","max-image-preview":"max-image-preview:large","max-video-preview":"max-video-preview:-1"},"canonical":"https:\/\/www.neimcke.de\/datenschutz-website\/","og_locale":"de_DE","og_type":"article","og_title":"Datenschutzerkl\u00e4rung zur website der Neimcke AT GmbH & Co. KG","og_description":"Der Schutz Ihrer personenbezogenen Daten ist uns ein wichtiges Anliegen. Wir informieren Sie, wie Ihre Daten auf der Neimcke website verarbeitet werden.","og_url":"https:\/\/www.neimcke.de\/datenschutz-website\/","og_site_name":"Neimcke - Weil jedes Teil z\u00e4hlt! Gro\u00dfhandel f\u00fcr Kfz-Ersatzteile, Verschlei\u00dfteile und Werkstatteinrichtung. | Gro\u00dfhandel, Autoteile, Autozubeh\u00f6r, Werkstatteinrichtung","article_publisher":"https:\/\/de-de.facebook.com\/Neimcke\/","article_modified_time":"2020-03-02T12:46:16+00:00","twitter_card":"summary_large_image","twitter_site":"@neimcke","twitter_misc":{"Est. reading time":"8 minutes"},"schema":{"@context":"https:\/\/schema.org","@graph":[{"@type":"WebPage","@id":"https:\/\/www.neimcke.de\/datenschutz-website\/","url":"https:\/\/www.neimcke.de\/datenschutz-website\/","name":"Datenschutzerkl\u00e4rung zur website der Neimcke AT GmbH & Co. KG","isPartOf":{"@id":"https:\/\/www.neimcke.de\/#website"},"datePublished":"2020-02-17T10:00:10+00:00","dateModified":"2020-03-02T12:46:16+00:00","description":"Der Schutz Ihrer personenbezogenen Daten ist uns ein wichtiges Anliegen. Wir informieren Sie, wie Ihre Daten auf der Neimcke website verarbeitet werden.","breadcrumb":{"@id":"https:\/\/www.neimcke.de\/datenschutz-website\/#breadcrumb"},"inLanguage":"de-AT","potentialAction":[{"@type":"ReadAction","target":["https:\/\/www.neimcke.de\/datenschutz-website\/"]}]},{"@type":"BreadcrumbList","@id":"https:\/\/www.neimcke.de\/datenschutz-website\/#breadcrumb","itemListElement":[{"@type":"ListItem","position":1,"name":"Startseite","item":"https:\/\/www.neimcke.de\/at\/www-neimcke-de\/"},{"@type":"ListItem","position":2,"name":"Datenschutzerkl\u00e4rung website"}]},{"@type":"WebSite","@id":"https:\/\/www.neimcke.de\/#website","url":"https:\/\/www.neimcke.de\/","name":"Neimcke - Weil jedes Teil z\u00e4hlt! Gro\u00dfhandel f\u00fcr Kfz-Ersatzteile, Verschlei\u00dfteile und Werkstatteinrichtung. | Gro\u00dfhandel, Autoteile, Autozubeh\u00f6r, Werkstatteinrichtung","description":"Weil jedes Teil z\u00e4hlt! Gro\u00dfhandel f\u00fcr Kfz-Ersatzteile, Verschlei\u00dfteile und Werkstatteinrichtung.","potentialAction":[{"@type":"SearchAction","target":{"@type":"EntryPoint","urlTemplate":"https:\/\/www.neimcke.de\/?s={search_term_string}"},"query-input":{"@type":"PropertyValueSpecification","valueRequired":true,"valueName":"search_term_string"}}],"inLanguage":"de-AT"}]}},"_links":{"self":[{"href":"https:\/\/www.neimcke.de\/at\/wp-json\/wp\/v2\/pages\/5217","targetHints":{"allow":["GET"]}}],"collection":[{"href":"https:\/\/www.neimcke.de\/at\/wp-json\/wp\/v2\/pages"}],"about":[{"href":"https:\/\/www.neimcke.de\/at\/wp-json\/wp\/v2\/types\/page"}],"author":[{"embeddable":true,"href":"https:\/\/www.neimcke.de\/at\/wp-json\/wp\/v2\/users\/9"}],"replies":[{"embeddable":true,"href":"https:\/\/www.neimcke.de\/at\/wp-json\/wp\/v2\/comments?post=5217"}],"version-history":[{"count":5,"href":"https:\/\/www.neimcke.de\/at\/wp-json\/wp\/v2\/pages\/5217\/revisions"}],"predecessor-version":[{"id":6490,"href":"https:\/\/www.neimcke.de\/at\/wp-json\/wp\/v2\/pages\/5217\/revisions\/6490"}],"wp:attachment":[{"href":"https:\/\/www.neimcke.de\/at\/wp-json\/wp\/v2\/media?parent=5217"}],"curies":[{"name":"wp","href":"https:\/\/api.w.org\/{rel}","templated":true}]}}