{"id":3932,"date":"2019-01-01T00:05:04","date_gmt":"2018-12-31T23:05:04","guid":{"rendered":"https:\/\/www.neimcke.de\/downloads\/"},"modified":"2026-05-04T07:48:55","modified_gmt":"2026-05-04T05:48:55","slug":"downloads","status":"publish","type":"page","link":"https:\/\/www.neimcke.de\/at\/downloads\/","title":{"rendered":"Downloads"},"content":{"rendered":"","protected":false},"excerpt":{"rendered":"","protected":false},"author":9,"featured_media":0,"parent":0,"menu_order":0,"comment_status":"closed","ping_status":"closed","template":"page-templates\/downloads.php","meta":{"_acf_changed":false,"footnotes":""},"class_list":["post-3932","page","type-page","status-publish","hentry"],"acf":[],"yoast_head":"<!-- This site is optimized with the Yoast SEO plugin v26.7 - https:\/\/yoast.com\/wordpress\/plugins\/seo\/ -->\n<title>Neimcke Downloads - umfassende Informationen warten auf Sie!<\/title>\n<meta name=\"description\" content=\"Hier finden Sie Informationen \u00fcber Sicherheitsdatenbl\u00e4tter, aktuelle Bulltops-Angebote, Werkzeugkatalog, Gew\u00e4hrleistungsinformationen und Katalog-Systeme.\" \/>\n<meta name=\"robots\" content=\"index, follow, max-snippet:-1, max-image-preview:large, max-video-preview:-1\" \/>\n<link rel=\"canonical\" href=\"https:\/\/www.neimcke.de\/at\/downloads\/\" \/>\n<meta property=\"og:locale\" content=\"de_DE\" \/>\n<meta property=\"og:type\" content=\"article\" \/>\n<meta property=\"og:title\" content=\"Neimcke Downloads - umfassende Informationen warten auf Sie!\" \/>\n<meta property=\"og:description\" content=\"Hier finden Sie Informationen \u00fcber Sicherheitsdatenbl\u00e4tter, aktuelle Bulltops-Angebote, Werkzeugkatalog, Gew\u00e4hrleistungsinformationen und Katalog-Systeme.\" \/>\n<meta property=\"og:url\" content=\"https:\/\/www.neimcke.de\/at\/downloads\/\" \/>\n<meta property=\"og:site_name\" content=\"Neimcke - Weil jedes Teil z\u00e4hlt! Gro\u00dfhandel f\u00fcr Kfz-Ersatzteile, Verschlei\u00dfteile und Werkstatteinrichtung. | Gro\u00dfhandel, Autoteile, Autozubeh\u00f6r, Werkstatteinrichtung\" \/>\n<meta property=\"article:publisher\" content=\"https:\/\/de-de.facebook.com\/Neimcke\/\" \/>\n<meta property=\"article:modified_time\" content=\"2026-05-04T05:48:55+00:00\" \/>\n<meta name=\"twitter:card\" content=\"summary_large_image\" \/>\n<meta name=\"twitter:site\" content=\"@neimcke\" \/>\n<script type=\"application\/ld+json\" class=\"yoast-schema-graph\">{\"@context\":\"https:\/\/schema.org\",\"@graph\":[{\"@type\":\"WebPage\",\"@id\":\"https:\/\/www.neimcke.de\/at\/downloads\/\",\"url\":\"https:\/\/www.neimcke.de\/at\/downloads\/\",\"name\":\"Neimcke Downloads - umfassende Informationen warten auf Sie!\",\"isPartOf\":{\"@id\":\"https:\/\/www.neimcke.de\/#website\"},\"datePublished\":\"2018-12-31T23:05:04+00:00\",\"dateModified\":\"2026-05-04T05:48:55+00:00\",\"description\":\"Hier finden Sie Informationen \u00fcber Sicherheitsdatenbl\u00e4tter, aktuelle Bulltops-Angebote, Werkzeugkatalog, Gew\u00e4hrleistungsinformationen und Katalog-Systeme.\",\"breadcrumb\":{\"@id\":\"https:\/\/www.neimcke.de\/at\/downloads\/#breadcrumb\"},\"inLanguage\":\"de-AT\",\"potentialAction\":[{\"@type\":\"ReadAction\",\"target\":[\"https:\/\/www.neimcke.de\/at\/downloads\/\"]}]},{\"@type\":\"BreadcrumbList\",\"@id\":\"https:\/\/www.neimcke.de\/at\/downloads\/#breadcrumb\",\"itemListElement\":[{\"@type\":\"ListItem\",\"position\":1,\"name\":\"Startseite\",\"item\":\"https:\/\/www.neimcke.de\/at\/www-neimcke-de\/\"},{\"@type\":\"ListItem\",\"position\":2,\"name\":\"Downloads\"}]},{\"@type\":\"WebSite\",\"@id\":\"https:\/\/www.neimcke.de\/#website\",\"url\":\"https:\/\/www.neimcke.de\/\",\"name\":\"Neimcke - Weil jedes Teil z\u00e4hlt! Gro\u00dfhandel f\u00fcr Kfz-Ersatzteile, Verschlei\u00dfteile und Werkstatteinrichtung. | Gro\u00dfhandel, Autoteile, Autozubeh\u00f6r, Werkstatteinrichtung\",\"description\":\"Weil jedes Teil z\u00e4hlt! Gro\u00dfhandel f\u00fcr Kfz-Ersatzteile, Verschlei\u00dfteile und Werkstatteinrichtung.\",\"potentialAction\":[{\"@type\":\"SearchAction\",\"target\":{\"@type\":\"EntryPoint\",\"urlTemplate\":\"https:\/\/www.neimcke.de\/?s={search_term_string}\"},\"query-input\":{\"@type\":\"PropertyValueSpecification\",\"valueRequired\":true,\"valueName\":\"search_term_string\"}}],\"inLanguage\":\"de-AT\"}]}<\/script>\n<!-- \/ Yoast SEO plugin. -->","yoast_head_json":{"title":"Neimcke Downloads - umfassende Informationen warten auf Sie!","description":"Hier finden Sie Informationen \u00fcber Sicherheitsdatenbl\u00e4tter, aktuelle Bulltops-Angebote, Werkzeugkatalog, Gew\u00e4hrleistungsinformationen und Katalog-Systeme.","robots":{"index":"index","follow":"follow","max-snippet":"max-snippet:-1","max-image-preview":"max-image-preview:large","max-video-preview":"max-video-preview:-1"},"canonical":"https:\/\/www.neimcke.de\/at\/downloads\/","og_locale":"de_DE","og_type":"article","og_title":"Neimcke Downloads - umfassende Informationen warten auf Sie!","og_description":"Hier finden Sie Informationen \u00fcber Sicherheitsdatenbl\u00e4tter, aktuelle Bulltops-Angebote, Werkzeugkatalog, Gew\u00e4hrleistungsinformationen und Katalog-Systeme.","og_url":"https:\/\/www.neimcke.de\/at\/downloads\/","og_site_name":"Neimcke - Weil jedes Teil z\u00e4hlt! Gro\u00dfhandel f\u00fcr Kfz-Ersatzteile, Verschlei\u00dfteile und Werkstatteinrichtung. | Gro\u00dfhandel, Autoteile, Autozubeh\u00f6r, Werkstatteinrichtung","article_publisher":"https:\/\/de-de.facebook.com\/Neimcke\/","article_modified_time":"2026-05-04T05:48:55+00:00","twitter_card":"summary_large_image","twitter_site":"@neimcke","schema":{"@context":"https:\/\/schema.org","@graph":[{"@type":"WebPage","@id":"https:\/\/www.neimcke.de\/at\/downloads\/","url":"https:\/\/www.neimcke.de\/at\/downloads\/","name":"Neimcke Downloads - umfassende Informationen warten auf Sie!","isPartOf":{"@id":"https:\/\/www.neimcke.de\/#website"},"datePublished":"2018-12-31T23:05:04+00:00","dateModified":"2026-05-04T05:48:55+00:00","description":"Hier finden Sie Informationen \u00fcber Sicherheitsdatenbl\u00e4tter, aktuelle Bulltops-Angebote, Werkzeugkatalog, Gew\u00e4hrleistungsinformationen und Katalog-Systeme.","breadcrumb":{"@id":"https:\/\/www.neimcke.de\/at\/downloads\/#breadcrumb"},"inLanguage":"de-AT","potentialAction":[{"@type":"ReadAction","target":["https:\/\/www.neimcke.de\/at\/downloads\/"]}]},{"@type":"BreadcrumbList","@id":"https:\/\/www.neimcke.de\/at\/downloads\/#breadcrumb","itemListElement":[{"@type":"ListItem","position":1,"name":"Startseite","item":"https:\/\/www.neimcke.de\/at\/www-neimcke-de\/"},{"@type":"ListItem","position":2,"name":"Downloads"}]},{"@type":"WebSite","@id":"https:\/\/www.neimcke.de\/#website","url":"https:\/\/www.neimcke.de\/","name":"Neimcke - Weil jedes Teil z\u00e4hlt! Gro\u00dfhandel f\u00fcr Kfz-Ersatzteile, Verschlei\u00dfteile und Werkstatteinrichtung. | Gro\u00dfhandel, Autoteile, Autozubeh\u00f6r, Werkstatteinrichtung","description":"Weil jedes Teil z\u00e4hlt! Gro\u00dfhandel f\u00fcr Kfz-Ersatzteile, Verschlei\u00dfteile und Werkstatteinrichtung.","potentialAction":[{"@type":"SearchAction","target":{"@type":"EntryPoint","urlTemplate":"https:\/\/www.neimcke.de\/?s={search_term_string}"},"query-input":{"@type":"PropertyValueSpecification","valueRequired":true,"valueName":"search_term_string"}}],"inLanguage":"de-AT"}]}},"_links":{"self":[{"href":"https:\/\/www.neimcke.de\/at\/wp-json\/wp\/v2\/pages\/3932","targetHints":{"allow":["GET"]}}],"collection":[{"href":"https:\/\/www.neimcke.de\/at\/wp-json\/wp\/v2\/pages"}],"about":[{"href":"https:\/\/www.neimcke.de\/at\/wp-json\/wp\/v2\/types\/page"}],"author":[{"embeddable":true,"href":"https:\/\/www.neimcke.de\/at\/wp-json\/wp\/v2\/users\/9"}],"replies":[{"embeddable":true,"href":"https:\/\/www.neimcke.de\/at\/wp-json\/wp\/v2\/comments?post=3932"}],"version-history":[{"count":209,"href":"https:\/\/www.neimcke.de\/at\/wp-json\/wp\/v2\/pages\/3932\/revisions"}],"predecessor-version":[{"id":8791,"href":"https:\/\/www.neimcke.de\/at\/wp-json\/wp\/v2\/pages\/3932\/revisions\/8791"}],"wp:attachment":[{"href":"https:\/\/www.neimcke.de\/at\/wp-json\/wp\/v2\/media?parent=3932"}],"curies":[{"name":"wp","href":"https:\/\/api.w.org\/{rel}","templated":true}]}}