{"id":3851,"date":"2016-09-23T07:53:52","date_gmt":"2016-09-23T07:53:52","guid":{"rendered":"https:\/\/www.neimcke.de\/unternehmen\/unsere-geschichte\/"},"modified":"2023-04-14T09:37:29","modified_gmt":"2023-04-14T07:37:29","slug":"unsere-geschichte","status":"publish","type":"page","link":"https:\/\/www.neimcke.de\/at\/unternehmen\/unsere-geschichte\/","title":{"rendered":"Fakten"},"content":{"rendered":"<p>Li Europan lingues es membres del sam familie. Lor separat existentie es un myth. Por scientie, musica, sport etc, litot Europa usa li sam vocabular. Li lingues differe solmen in li grammatica, li pronunciation e li plu commun vocabules. Omnicos directe al desirabilite de un nov lingua franc.<\/p>\n","protected":false},"excerpt":{"rendered":"<p>Li Europan lingues es membres del sam familie. Lor separat existentie es un myth. Por scientie, musica, sport etc, litot Europa usa li sam vocabular. Li lingues differe solmen in li grammatica, li pronunciation e li plu commun vocabules. Omnicos directe al desirabilite de un nov lingua franc.<\/p>\n","protected":false},"author":9,"featured_media":0,"parent":3510,"menu_order":0,"comment_status":"closed","ping_status":"closed","template":"page-templates\/unternehmen-geschichte.php","meta":{"_acf_changed":false,"footnotes":""},"class_list":["post-3851","page","type-page","status-publish","hentry"],"acf":[],"yoast_head":"<!-- This site is optimized with the Yoast SEO plugin v26.7 - https:\/\/yoast.com\/wordpress\/plugins\/seo\/ -->\n<title>Geschichte und Fakten Rund um NEIMCKE - Weil jedes Teil z\u00e4hlt!<\/title>\n<meta name=\"description\" content=\"Mit 300 Mitarbeitern sind wir f\u00fcr Sie da! Informieren Sie sich \u00fcber Produkte, Geschichte, Fakten, Werte, Kunden und vieles mehr rund um NEIMCKE!\" \/>\n<meta name=\"robots\" content=\"index, follow, max-snippet:-1, max-image-preview:large, max-video-preview:-1\" \/>\n<link rel=\"canonical\" href=\"https:\/\/www.neimcke.de\/unternehmen\/unsere-geschichte\/\" \/>\n<meta property=\"og:locale\" content=\"de_DE\" \/>\n<meta property=\"og:type\" content=\"article\" \/>\n<meta property=\"og:title\" content=\"Geschichte und Fakten Rund um NEIMCKE - Weil jedes Teil z\u00e4hlt!\" \/>\n<meta property=\"og:description\" content=\"Mit 300 Mitarbeitern sind wir f\u00fcr Sie da! Informieren Sie sich \u00fcber Produkte, Geschichte, Fakten, Werte, Kunden und vieles mehr rund um NEIMCKE!\" \/>\n<meta property=\"og:url\" content=\"https:\/\/www.neimcke.de\/unternehmen\/unsere-geschichte\/\" \/>\n<meta property=\"og:site_name\" content=\"Neimcke - Weil jedes Teil z\u00e4hlt! Gro\u00dfhandel f\u00fcr Kfz-Ersatzteile, Verschlei\u00dfteile und Werkstatteinrichtung. | Gro\u00dfhandel, Autoteile, Autozubeh\u00f6r, Werkstatteinrichtung\" \/>\n<meta property=\"article:publisher\" content=\"https:\/\/de-de.facebook.com\/Neimcke\/\" \/>\n<meta property=\"article:modified_time\" content=\"2023-04-14T07:37:29+00:00\" \/>\n<meta name=\"twitter:card\" content=\"summary_large_image\" \/>\n<meta name=\"twitter:site\" content=\"@neimcke\" \/>\n<meta name=\"twitter:label1\" content=\"Est. reading time\" \/>\n\t<meta name=\"twitter:data1\" content=\"1 minute\" \/>\n<script type=\"application\/ld+json\" class=\"yoast-schema-graph\">{\"@context\":\"https:\/\/schema.org\",\"@graph\":[{\"@type\":\"WebPage\",\"@id\":\"https:\/\/www.neimcke.de\/unternehmen\/unsere-geschichte\/\",\"url\":\"https:\/\/www.neimcke.de\/unternehmen\/unsere-geschichte\/\",\"name\":\"Geschichte und Fakten Rund um NEIMCKE - Weil jedes Teil z\u00e4hlt!\",\"isPartOf\":{\"@id\":\"https:\/\/www.neimcke.de\/#website\"},\"datePublished\":\"2016-09-23T07:53:52+00:00\",\"dateModified\":\"2023-04-14T07:37:29+00:00\",\"description\":\"Mit 300 Mitarbeitern sind wir f\u00fcr Sie da! Informieren Sie sich \u00fcber Produkte, Geschichte, Fakten, Werte, Kunden und vieles mehr rund um NEIMCKE!\",\"breadcrumb\":{\"@id\":\"https:\/\/www.neimcke.de\/unternehmen\/unsere-geschichte\/#breadcrumb\"},\"inLanguage\":\"de-AT\",\"potentialAction\":[{\"@type\":\"ReadAction\",\"target\":[\"https:\/\/www.neimcke.de\/unternehmen\/unsere-geschichte\/\"]}]},{\"@type\":\"BreadcrumbList\",\"@id\":\"https:\/\/www.neimcke.de\/unternehmen\/unsere-geschichte\/#breadcrumb\",\"itemListElement\":[{\"@type\":\"ListItem\",\"position\":1,\"name\":\"Startseite\",\"item\":\"https:\/\/www.neimcke.de\/at\/www-neimcke-de\/\"},{\"@type\":\"ListItem\",\"position\":2,\"name\":\"Unternehmen\",\"item\":\"https:\/\/www.neimcke.de\/unternehmen\/\"},{\"@type\":\"ListItem\",\"position\":3,\"name\":\"Fakten\"}]},{\"@type\":\"WebSite\",\"@id\":\"https:\/\/www.neimcke.de\/#website\",\"url\":\"https:\/\/www.neimcke.de\/\",\"name\":\"Neimcke - Weil jedes Teil z\u00e4hlt! Gro\u00dfhandel f\u00fcr Kfz-Ersatzteile, Verschlei\u00dfteile und Werkstatteinrichtung. | Gro\u00dfhandel, Autoteile, Autozubeh\u00f6r, Werkstatteinrichtung\",\"description\":\"Weil jedes Teil z\u00e4hlt! Gro\u00dfhandel f\u00fcr Kfz-Ersatzteile, Verschlei\u00dfteile und Werkstatteinrichtung.\",\"potentialAction\":[{\"@type\":\"SearchAction\",\"target\":{\"@type\":\"EntryPoint\",\"urlTemplate\":\"https:\/\/www.neimcke.de\/?s={search_term_string}\"},\"query-input\":{\"@type\":\"PropertyValueSpecification\",\"valueRequired\":true,\"valueName\":\"search_term_string\"}}],\"inLanguage\":\"de-AT\"}]}<\/script>\n<!-- \/ Yoast SEO plugin. -->","yoast_head_json":{"title":"Geschichte und Fakten Rund um NEIMCKE - Weil jedes Teil z\u00e4hlt!","description":"Mit 300 Mitarbeitern sind wir f\u00fcr Sie da! Informieren Sie sich \u00fcber Produkte, Geschichte, Fakten, Werte, Kunden und vieles mehr rund um NEIMCKE!","robots":{"index":"index","follow":"follow","max-snippet":"max-snippet:-1","max-image-preview":"max-image-preview:large","max-video-preview":"max-video-preview:-1"},"canonical":"https:\/\/www.neimcke.de\/unternehmen\/unsere-geschichte\/","og_locale":"de_DE","og_type":"article","og_title":"Geschichte und Fakten Rund um NEIMCKE - Weil jedes Teil z\u00e4hlt!","og_description":"Mit 300 Mitarbeitern sind wir f\u00fcr Sie da! Informieren Sie sich \u00fcber Produkte, Geschichte, Fakten, Werte, Kunden und vieles mehr rund um NEIMCKE!","og_url":"https:\/\/www.neimcke.de\/unternehmen\/unsere-geschichte\/","og_site_name":"Neimcke - Weil jedes Teil z\u00e4hlt! Gro\u00dfhandel f\u00fcr Kfz-Ersatzteile, Verschlei\u00dfteile und Werkstatteinrichtung. | Gro\u00dfhandel, Autoteile, Autozubeh\u00f6r, Werkstatteinrichtung","article_publisher":"https:\/\/de-de.facebook.com\/Neimcke\/","article_modified_time":"2023-04-14T07:37:29+00:00","twitter_card":"summary_large_image","twitter_site":"@neimcke","twitter_misc":{"Est. reading time":"1 minute"},"schema":{"@context":"https:\/\/schema.org","@graph":[{"@type":"WebPage","@id":"https:\/\/www.neimcke.de\/unternehmen\/unsere-geschichte\/","url":"https:\/\/www.neimcke.de\/unternehmen\/unsere-geschichte\/","name":"Geschichte und Fakten Rund um NEIMCKE - Weil jedes Teil z\u00e4hlt!","isPartOf":{"@id":"https:\/\/www.neimcke.de\/#website"},"datePublished":"2016-09-23T07:53:52+00:00","dateModified":"2023-04-14T07:37:29+00:00","description":"Mit 300 Mitarbeitern sind wir f\u00fcr Sie da! Informieren Sie sich \u00fcber Produkte, Geschichte, Fakten, Werte, Kunden und vieles mehr rund um NEIMCKE!","breadcrumb":{"@id":"https:\/\/www.neimcke.de\/unternehmen\/unsere-geschichte\/#breadcrumb"},"inLanguage":"de-AT","potentialAction":[{"@type":"ReadAction","target":["https:\/\/www.neimcke.de\/unternehmen\/unsere-geschichte\/"]}]},{"@type":"BreadcrumbList","@id":"https:\/\/www.neimcke.de\/unternehmen\/unsere-geschichte\/#breadcrumb","itemListElement":[{"@type":"ListItem","position":1,"name":"Startseite","item":"https:\/\/www.neimcke.de\/at\/www-neimcke-de\/"},{"@type":"ListItem","position":2,"name":"Unternehmen","item":"https:\/\/www.neimcke.de\/unternehmen\/"},{"@type":"ListItem","position":3,"name":"Fakten"}]},{"@type":"WebSite","@id":"https:\/\/www.neimcke.de\/#website","url":"https:\/\/www.neimcke.de\/","name":"Neimcke - Weil jedes Teil z\u00e4hlt! Gro\u00dfhandel f\u00fcr Kfz-Ersatzteile, Verschlei\u00dfteile und Werkstatteinrichtung. | Gro\u00dfhandel, Autoteile, Autozubeh\u00f6r, Werkstatteinrichtung","description":"Weil jedes Teil z\u00e4hlt! Gro\u00dfhandel f\u00fcr Kfz-Ersatzteile, Verschlei\u00dfteile und Werkstatteinrichtung.","potentialAction":[{"@type":"SearchAction","target":{"@type":"EntryPoint","urlTemplate":"https:\/\/www.neimcke.de\/?s={search_term_string}"},"query-input":{"@type":"PropertyValueSpecification","valueRequired":true,"valueName":"search_term_string"}}],"inLanguage":"de-AT"}]}},"_links":{"self":[{"href":"https:\/\/www.neimcke.de\/at\/wp-json\/wp\/v2\/pages\/3851","targetHints":{"allow":["GET"]}}],"collection":[{"href":"https:\/\/www.neimcke.de\/at\/wp-json\/wp\/v2\/pages"}],"about":[{"href":"https:\/\/www.neimcke.de\/at\/wp-json\/wp\/v2\/types\/page"}],"author":[{"embeddable":true,"href":"https:\/\/www.neimcke.de\/at\/wp-json\/wp\/v2\/users\/9"}],"replies":[{"embeddable":true,"href":"https:\/\/www.neimcke.de\/at\/wp-json\/wp\/v2\/comments?post=3851"}],"version-history":[{"count":1,"href":"https:\/\/www.neimcke.de\/at\/wp-json\/wp\/v2\/pages\/3851\/revisions"}],"predecessor-version":[{"id":7806,"href":"https:\/\/www.neimcke.de\/at\/wp-json\/wp\/v2\/pages\/3851\/revisions\/7806"}],"up":[{"embeddable":true,"href":"https:\/\/www.neimcke.de\/at\/wp-json\/wp\/v2\/pages\/3510"}],"wp:attachment":[{"href":"https:\/\/www.neimcke.de\/at\/wp-json\/wp\/v2\/media?parent=3851"}],"curies":[{"name":"wp","href":"https:\/\/api.w.org\/{rel}","templated":true}]}}