{"id":2505,"date":"2016-10-07T16:46:31","date_gmt":"2016-10-07T16:46:31","guid":{"rendered":"https:\/\/www.neimcke.de\/impressum"},"modified":"2020-07-09T11:31:37","modified_gmt":"2020-07-09T09:31:37","slug":"impressum","status":"publish","type":"page","link":"https:\/\/www.neimcke.de\/at\/impressum\/","title":{"rendered":"Impressum"},"content":{"rendered":"<h6>IMPRESSUM DER NEIMCKE AT GMBH &amp; CO. KG<\/h6>\n<p>DIENSTANBIETER<br \/>\nNeimcke AT GmbH &amp; Co. KG<br \/>\nPillweinstra\u00dfe 16<br \/>\nA-5020 Salzburg<\/p>\n<p>UNTERNEHMENSGEGENSTAND<br \/>\nHandel mit KFZ Ersatzteilen<\/p>\n<p>GESCH\u00c4FTSF\u00dcHRUNG<br \/>\nJ\u00f6rg Neimcke, Frank Sch\u00f6ller<\/p>\n<p>PROKURA<br \/>\nDieter Weinfurter, Gerhard Feichtinger<\/p>\n<p>UID-Nummer<br \/>\nATU73421326<\/p>\n<p>FIRMENBUCHNUMMER<br \/>\nFN489725 i<\/p>\n<p>FIRMENBUCHGERICHT<br \/>\nSalzburg<\/p>\n<p>KONTAKTDATEN<br \/>\nTel.: +43 (0)662-824490-11<br \/>\nFax: +43 (0)662-824490-4<br \/>\nEmail: <a href=\"mailto:verkauf.salzburg@neimcke.at\">verkauf.salzburg@neimcke.at<\/a><\/p>\n<p>MITGLIEDSCHAFT BEI DER WIRTSCHAFTSKAMMERORGANISATION<br \/>\nWKO Salzburg<\/p>\n<p>GEWERBEORDNUNG<br \/>\n<a href=\"http:\/\/www.ris.bka.gv.at\">www.ris.bka.gv.at<\/a><\/p>\n<p>GEWERBEBEH\u00d6RDE DER NEIMCKE AT GMBH &amp; CO. KG<br \/>\nMagistrat der Stadt Salzburg<\/p>\n<p>PERS\u00d6NLICH HAFTENDER GESELLSCHAFTER<br \/>\nNeimcke AT Verwaltungs GmbH<br \/>\nSitz: 5020 Salzburg, Pillweinstr. 16<br \/>\nFirmenbuchnummer: FN 489595 v<br \/>\nFirmenbuchgericht: Landesgericht Salzburg<\/p>\n<p>KONZEPT, DESIGN, PROGRAMMIERUNG<br \/>\n<a href=\"http:\/\/www.spreadfilms.de\">Spreadfilms<\/a><\/p>\n<p>HAFTUNGSAUSSCHLUSS<\/p>\n<p>PRIVATSPH\u00c4RE<br \/>\nWir sch\u00e4tzen Ihre Privatsph\u00e4re. Informationen, die Sie uns \u00fcber ein Formular mitteilen, werden wir ausschlie\u00dflich zur Kontaktaufnahme verwenden, soweit Sie diese gew\u00fcnscht haben. Die Daten werden auf keinen Fall an Dritte weitergegeben.<\/p>\n<p>COPYRIGHT<br \/>\nAlle Texte, Fotos und Gestaltungselemente dieser Site sind \u2013 sofern nicht ein anderes Copyright angegeben ist \u2013 f\u00fcr das Unternehmen Neimcke urheberrechtlich gesch\u00fctzt. Jede Verwertung au\u00dferhalb der engen Grenzen des Urheberrechtsgesetzes ist ohne Zustimmung des Unternehmens Neimcke unzul\u00e4ssig.<\/p>\n<p>ABMAHNUNG OHNE VORHERIGEN KONTAKT<br \/>\nSollte der Inhalt oder die Aufmachung dieser Seite fremde Rechte Dritter oder gesetzliche Bestimmungen verletzen, so bitten wir um eine entsprechende Nachricht ohne Kostennote. Wir garantieren, dass die zu Recht bestehenden Passagen unverz\u00fcglich entfernt werden, ohne dass von Ihrer Seite die Einschaltung eines Rechtsbeistandes erforderlich ist. Dennoch von Ihnen ohne vorherige Kontaktaufnahme ausgel\u00f6ste Kosten werden wir vollumf\u00e4nglich zur\u00fcckweisen und gegebenenfalls wegen Verletzung vorgenannter Bestimmungen anzeigen.<\/p>\n<p>Stand 01.05.2019<\/p>\n<p>&nbsp;<\/p>\n<p>&nbsp;<\/p>\n<p>&nbsp;<\/p>\n","protected":false},"excerpt":{"rendered":"<p>IMPRESSUM DER NEIMCKE AT GMBH &amp; CO. KG DIENSTANBIETER Neimcke AT GmbH &amp; Co. KG Pillweinstra\u00dfe 16 A-5020 Salzburg UNTERNEHMENSGEGENSTAND Handel mit KFZ Ersatzteilen GESCH\u00c4FTSF\u00dcHRUNG J\u00f6rg Neimcke, Frank Sch\u00f6ller PROKURA Dieter Weinfurter, Gerhard Feichtinger UID-Nummer ATU73421326 FIRMENBUCHNUMMER FN489725 i FIRMENBUCHGERICHT Salzburg KONTAKTDATEN Tel.: +43 (0)662-824490-11 Fax: +43 (0)662-824490-4 Email: verkauf.salzburg@neimcke.at MITGLIEDSCHAFT BEI DER WIRTSCHAFTSKAMMERORGANISATION WKO&nbsp; <a href=\"https:\/\/www.neimcke.de\/at\/impressum\/\">&hellip; Read more <i class=\"fa fa-arrow-right\"><\/i><\/a><\/p>\n","protected":false},"author":9,"featured_media":0,"parent":0,"menu_order":0,"comment_status":"closed","ping_status":"closed","template":"page-templates\/impress.php","meta":{"_acf_changed":false,"footnotes":""},"class_list":["post-2505","page","type-page","status-publish","hentry"],"acf":[],"yoast_head":"<!-- This site is optimized with the Yoast SEO plugin v26.7 - https:\/\/yoast.com\/wordpress\/plugins\/seo\/ -->\n<title>Impressum der Neimcke AT GmbH &amp; Co. KG - hier finden Sie es!<\/title>\n<meta name=\"description\" content=\"Gesch\u00e4ftsf\u00fchrer, UST-Id.-Nr., Handelsregisternummer, Registergericht und Kontaktdaten sind nur einige Informationen, die Sie im Neimcke AT Impressum finden.\" \/>\n<meta name=\"robots\" content=\"index, follow, max-snippet:-1, max-image-preview:large, max-video-preview:-1\" \/>\n<link rel=\"canonical\" href=\"https:\/\/www.neimcke.de\/impressum\/\" \/>\n<meta property=\"og:locale\" content=\"de_DE\" \/>\n<meta property=\"og:type\" content=\"article\" \/>\n<meta property=\"og:title\" content=\"Impressum der Neimcke AT GmbH &amp; Co. KG - hier finden Sie es!\" \/>\n<meta property=\"og:description\" content=\"Gesch\u00e4ftsf\u00fchrer, UST-Id.-Nr., Handelsregisternummer, Registergericht und Kontaktdaten sind nur einige Informationen, die Sie im Neimcke AT Impressum finden.\" \/>\n<meta property=\"og:url\" content=\"https:\/\/www.neimcke.de\/impressum\/\" \/>\n<meta property=\"og:site_name\" content=\"Neimcke - Weil jedes Teil z\u00e4hlt! Gro\u00dfhandel f\u00fcr Kfz-Ersatzteile, Verschlei\u00dfteile und Werkstatteinrichtung. | Gro\u00dfhandel, Autoteile, Autozubeh\u00f6r, Werkstatteinrichtung\" \/>\n<meta property=\"article:publisher\" content=\"https:\/\/de-de.facebook.com\/Neimcke\/\" \/>\n<meta property=\"article:modified_time\" content=\"2020-07-09T09:31:37+00:00\" \/>\n<meta name=\"twitter:card\" content=\"summary_large_image\" \/>\n<meta name=\"twitter:site\" content=\"@neimcke\" \/>\n<meta name=\"twitter:label1\" content=\"Est. reading time\" \/>\n\t<meta name=\"twitter:data1\" content=\"1 minute\" \/>\n<script type=\"application\/ld+json\" class=\"yoast-schema-graph\">{\"@context\":\"https:\/\/schema.org\",\"@graph\":[{\"@type\":\"WebPage\",\"@id\":\"https:\/\/www.neimcke.de\/impressum\/\",\"url\":\"https:\/\/www.neimcke.de\/impressum\/\",\"name\":\"Impressum der Neimcke AT GmbH & Co. KG - hier finden Sie es!\",\"isPartOf\":{\"@id\":\"https:\/\/www.neimcke.de\/#website\"},\"datePublished\":\"2016-10-07T16:46:31+00:00\",\"dateModified\":\"2020-07-09T09:31:37+00:00\",\"description\":\"Gesch\u00e4ftsf\u00fchrer, UST-Id.-Nr., Handelsregisternummer, Registergericht und Kontaktdaten sind nur einige Informationen, die Sie im Neimcke AT Impressum finden.\",\"breadcrumb\":{\"@id\":\"https:\/\/www.neimcke.de\/impressum\/#breadcrumb\"},\"inLanguage\":\"de-AT\",\"potentialAction\":[{\"@type\":\"ReadAction\",\"target\":[\"https:\/\/www.neimcke.de\/impressum\/\"]}]},{\"@type\":\"BreadcrumbList\",\"@id\":\"https:\/\/www.neimcke.de\/impressum\/#breadcrumb\",\"itemListElement\":[{\"@type\":\"ListItem\",\"position\":1,\"name\":\"Startseite\",\"item\":\"https:\/\/www.neimcke.de\/at\/www-neimcke-de\/\"},{\"@type\":\"ListItem\",\"position\":2,\"name\":\"Impressum\"}]},{\"@type\":\"WebSite\",\"@id\":\"https:\/\/www.neimcke.de\/#website\",\"url\":\"https:\/\/www.neimcke.de\/\",\"name\":\"Neimcke - Weil jedes Teil z\u00e4hlt! Gro\u00dfhandel f\u00fcr Kfz-Ersatzteile, Verschlei\u00dfteile und Werkstatteinrichtung. | Gro\u00dfhandel, Autoteile, Autozubeh\u00f6r, Werkstatteinrichtung\",\"description\":\"Weil jedes Teil z\u00e4hlt! Gro\u00dfhandel f\u00fcr Kfz-Ersatzteile, Verschlei\u00dfteile und Werkstatteinrichtung.\",\"potentialAction\":[{\"@type\":\"SearchAction\",\"target\":{\"@type\":\"EntryPoint\",\"urlTemplate\":\"https:\/\/www.neimcke.de\/?s={search_term_string}\"},\"query-input\":{\"@type\":\"PropertyValueSpecification\",\"valueRequired\":true,\"valueName\":\"search_term_string\"}}],\"inLanguage\":\"de-AT\"}]}<\/script>\n<!-- \/ Yoast SEO plugin. -->","yoast_head_json":{"title":"Impressum der Neimcke AT GmbH & Co. KG - hier finden Sie es!","description":"Gesch\u00e4ftsf\u00fchrer, UST-Id.-Nr., Handelsregisternummer, Registergericht und Kontaktdaten sind nur einige Informationen, die Sie im Neimcke AT Impressum finden.","robots":{"index":"index","follow":"follow","max-snippet":"max-snippet:-1","max-image-preview":"max-image-preview:large","max-video-preview":"max-video-preview:-1"},"canonical":"https:\/\/www.neimcke.de\/impressum\/","og_locale":"de_DE","og_type":"article","og_title":"Impressum der Neimcke AT GmbH & Co. KG - hier finden Sie es!","og_description":"Gesch\u00e4ftsf\u00fchrer, UST-Id.-Nr., Handelsregisternummer, Registergericht und Kontaktdaten sind nur einige Informationen, die Sie im Neimcke AT Impressum finden.","og_url":"https:\/\/www.neimcke.de\/impressum\/","og_site_name":"Neimcke - Weil jedes Teil z\u00e4hlt! Gro\u00dfhandel f\u00fcr Kfz-Ersatzteile, Verschlei\u00dfteile und Werkstatteinrichtung. | Gro\u00dfhandel, Autoteile, Autozubeh\u00f6r, Werkstatteinrichtung","article_publisher":"https:\/\/de-de.facebook.com\/Neimcke\/","article_modified_time":"2020-07-09T09:31:37+00:00","twitter_card":"summary_large_image","twitter_site":"@neimcke","twitter_misc":{"Est. reading time":"1 minute"},"schema":{"@context":"https:\/\/schema.org","@graph":[{"@type":"WebPage","@id":"https:\/\/www.neimcke.de\/impressum\/","url":"https:\/\/www.neimcke.de\/impressum\/","name":"Impressum der Neimcke AT GmbH & Co. KG - hier finden Sie es!","isPartOf":{"@id":"https:\/\/www.neimcke.de\/#website"},"datePublished":"2016-10-07T16:46:31+00:00","dateModified":"2020-07-09T09:31:37+00:00","description":"Gesch\u00e4ftsf\u00fchrer, UST-Id.-Nr., Handelsregisternummer, Registergericht und Kontaktdaten sind nur einige Informationen, die Sie im Neimcke AT Impressum finden.","breadcrumb":{"@id":"https:\/\/www.neimcke.de\/impressum\/#breadcrumb"},"inLanguage":"de-AT","potentialAction":[{"@type":"ReadAction","target":["https:\/\/www.neimcke.de\/impressum\/"]}]},{"@type":"BreadcrumbList","@id":"https:\/\/www.neimcke.de\/impressum\/#breadcrumb","itemListElement":[{"@type":"ListItem","position":1,"name":"Startseite","item":"https:\/\/www.neimcke.de\/at\/www-neimcke-de\/"},{"@type":"ListItem","position":2,"name":"Impressum"}]},{"@type":"WebSite","@id":"https:\/\/www.neimcke.de\/#website","url":"https:\/\/www.neimcke.de\/","name":"Neimcke - Weil jedes Teil z\u00e4hlt! Gro\u00dfhandel f\u00fcr Kfz-Ersatzteile, Verschlei\u00dfteile und Werkstatteinrichtung. | Gro\u00dfhandel, Autoteile, Autozubeh\u00f6r, Werkstatteinrichtung","description":"Weil jedes Teil z\u00e4hlt! Gro\u00dfhandel f\u00fcr Kfz-Ersatzteile, Verschlei\u00dfteile und Werkstatteinrichtung.","potentialAction":[{"@type":"SearchAction","target":{"@type":"EntryPoint","urlTemplate":"https:\/\/www.neimcke.de\/?s={search_term_string}"},"query-input":{"@type":"PropertyValueSpecification","valueRequired":true,"valueName":"search_term_string"}}],"inLanguage":"de-AT"}]}},"_links":{"self":[{"href":"https:\/\/www.neimcke.de\/at\/wp-json\/wp\/v2\/pages\/2505","targetHints":{"allow":["GET"]}}],"collection":[{"href":"https:\/\/www.neimcke.de\/at\/wp-json\/wp\/v2\/pages"}],"about":[{"href":"https:\/\/www.neimcke.de\/at\/wp-json\/wp\/v2\/types\/page"}],"author":[{"embeddable":true,"href":"https:\/\/www.neimcke.de\/at\/wp-json\/wp\/v2\/users\/9"}],"replies":[{"embeddable":true,"href":"https:\/\/www.neimcke.de\/at\/wp-json\/wp\/v2\/comments?post=2505"}],"version-history":[{"count":14,"href":"https:\/\/www.neimcke.de\/at\/wp-json\/wp\/v2\/pages\/2505\/revisions"}],"predecessor-version":[{"id":5850,"href":"https:\/\/www.neimcke.de\/at\/wp-json\/wp\/v2\/pages\/2505\/revisions\/5850"}],"wp:attachment":[{"href":"https:\/\/www.neimcke.de\/at\/wp-json\/wp\/v2\/media?parent=2505"}],"curies":[{"name":"wp","href":"https:\/\/api.w.org\/{rel}","templated":true}]}}